{"id":1827,"date":"2023-09-11T14:21:57","date_gmt":"2023-09-11T12:21:57","guid":{"rendered":"https:\/\/www.homesmarthome.fr\/eclairages\/"},"modified":"2025-12-04T15:21:07","modified_gmt":"2025-12-04T14:21:07","slug":"lighting","status":"publish","type":"page","link":"https:\/\/www.homesmarthome.fr\/en\/lighting\/","title":{"rendered":"Lighting"},"content":{"rendered":"\n<div id=\"block-hero-block_3dd25938fd778a5b3f6fc6fcdddea189\" class=\"block-hero\">\n\n\t<div class=\"hero-image\">\n\n\t\t\t\t\t<figure class=\"\">\n\t\t\t\t<img fetchpriority=\"high\" decoding=\"async\" width=\"1500\" height=\"1125\" src=\"https:\/\/www.homesmarthome.fr\/wp-content\/uploads\/2025\/10\/eclairages-connectes-home-smart-home.jpg\" class=\"attachment-full size-full\" alt=\"\u00c9clairages connect\u00e9s cave \u00e0 vin\" loading=\"eager\" srcset=\"https:\/\/www.homesmarthome.fr\/wp-content\/uploads\/2025\/10\/eclairages-connectes-home-smart-home.jpg 1500w, https:\/\/www.homesmarthome.fr\/wp-content\/uploads\/2025\/10\/eclairages-connectes-home-smart-home-300x225.jpg 300w, https:\/\/www.homesmarthome.fr\/wp-content\/uploads\/2025\/10\/eclairages-connectes-home-smart-home-1024x768.jpg 1024w, https:\/\/www.homesmarthome.fr\/wp-content\/uploads\/2025\/10\/eclairages-connectes-home-smart-home-768x576.jpg 768w\" sizes=\"(max-width: 1500px) 100vw, 1500px\" \/>\t\t\t<\/figure>\n\t\t\n\t<\/div>\n\n\t<div class=\"hero-content alignwide\"> \n\t\t<div class=\"inner-content fade-right\"> \n\n\t\t\t\t\t\t\t<h1 class=\"title fade-up--\">Lighting<\/h1>\n\t\t\t\n\t\t\t\t\t\t\t<div class=\"description fade-up--\">Lighting plays an essential role in creating the optimum ambience and comfort in your living space. By opting for a connected lighting installation, you can enjoy a harmonious lighting experience tailored to every activity.<\/div>\n\t\t\t\n\t\t\t<\/div>\n\t<\/div>\n\n<\/div>\n\n\n\n<div id=\"block-menu-block_44b96768d6e8a08127a96383d5dd2280\" class=\"block-menu \">\n\n\t\n\t\t\n\t\t<style>\n\t\t.splide-menu-slider {\n\t\t\tmax-width: 42rem;\n\t\t}\t\n\t\t@media (min-width: 28rem) {\n\t\t\t.splide__arrows {\n                display: none;\n            }\n        }\n\t\t<\/style>\n\n\t\t<div class=\"alignwide\">\n\n\t\t\t<div class=\"splide splide-menu-slider\">\n\n\t\t\t\t<div class=\"splide__arrows\">\n\t\t\t\t\t<button class=\"splide__arrow splide__arrow--prev\">\n\t\t\t\t\t\t<svg xmlns=\"http:\/\/www.w3.org\/2000\/svg\" width=\"26.06\" height=\"50.706\">\n\t\t\t\t\t\t\t<path data-name=\"Trac\u00e9 17703\" d=\"m25.706.354-25 25 25 25\" fill=\"none\" stroke=\"#707070\"\/>\n\t\t\t\t\t\t<\/svg>\n\t\t\t\t\t<\/button>\n\t\t\t\t\t<button class=\"splide__arrow splide__arrow--next\">\n\t\t\t\t\t\t<svg xmlns=\"http:\/\/www.w3.org\/2000\/svg\" width=\"26.06\" height=\"50.706\">\n\t\t\t\t\t\t\t<path data-name=\"Trac\u00e9 22079\" d=\"m.354 50.352 25-25-25-25\" fill=\"none\" stroke=\"#707070\"\/>\n\t\t\t\t\t\t<\/svg>\n\t\t\t\t\t<\/button>\n\t\t\t\t<\/div>\n\n\t\t\t\t<div class=\"splide__track\">\n\t\t\t\t\t<div class=\"splide__list\">\n\n\t\t\t\t\t\t\n\t\t\t\t\t\t\t<div class=\"splide__slide\">\n\n\t\t\t\t\t\t\t\t\t\t\t\t\t\t\t\t\t<a href=\"https:\/\/www.homesmarthome.fr\/eclairages\/\" >\n\t\t\t\t\t\t\t\t\n\t\t\t\t\t\t\t\t\t\t\t\t\t\t\t\t\t\t\t<figure class=\"\">\n\t\t\t\t\t\t\t\t\t\t\t<img loading=\"lazy\" decoding=\"async\" width=\"75\" height=\"82\" src=\"https:\/\/www.homesmarthome.fr\/wp-content\/uploads\/2023\/09\/eclairages.svg\" class=\"attachment-full size-full\" alt=\"\" \/>\t\t\t\t\t\t\t\t\t\t<\/figure>\n\t\t\t\t\t\t\t\t\t\n\t\t\t\t\t\t\t\t\t\t\t\t\t\t\t\t\t\t\t<div class=\"title\">\u00c9clairage<\/div>\n\t\t\t\t\t\t\t\t\t\n\t\t\t\t\t\t\t\t\t\t\t\t\t\t\t\t\t<\/a>\n\t\t\t\t\t\t\t\t\n\t\t\t\t\t\t\t<\/div>\n\n\t\t\t\t\t\t\n\t\t\t\t\t\t\t<div class=\"splide__slide\">\n\n\t\t\t\t\t\t\t\t\t\t\t\t\t\t\t\t\t<a href=\"https:\/\/www.homesmarthome.fr\/occultants\/\" >\n\t\t\t\t\t\t\t\t\n\t\t\t\t\t\t\t\t\t\t\t\t\t\t\t\t\t\t\t<figure class=\"\">\n\t\t\t\t\t\t\t\t\t\t\t<img loading=\"lazy\" decoding=\"async\" width=\"107\" height=\"77\" src=\"https:\/\/www.homesmarthome.fr\/wp-content\/uploads\/2023\/09\/occultants.svg\" class=\"attachment-full size-full\" alt=\"\" \/>\t\t\t\t\t\t\t\t\t\t<\/figure>\n\t\t\t\t\t\t\t\t\t\n\t\t\t\t\t\t\t\t\t\t\t\t\t\t\t\t\t\t\t<div class=\"title\">Occultants<\/div>\n\t\t\t\t\t\t\t\t\t\n\t\t\t\t\t\t\t\t\t\t\t\t\t\t\t\t\t<\/a>\n\t\t\t\t\t\t\t\t\n\t\t\t\t\t\t\t<\/div>\n\n\t\t\t\t\t\t\n\t\t\t\t\t\t\t<div class=\"splide__slide\">\n\n\t\t\t\t\t\t\t\t\t\t\t\t\t\t\t\t\t<a href=\"https:\/\/www.homesmarthome.fr\/confort\/\" >\n\t\t\t\t\t\t\t\t\n\t\t\t\t\t\t\t\t\t\t\t\t\t\t\t\t\t\t\t<figure class=\"\">\n\t\t\t\t\t\t\t\t\t\t\t<img loading=\"lazy\" decoding=\"async\" width=\"32\" height=\"77\" src=\"https:\/\/www.homesmarthome.fr\/wp-content\/uploads\/2023\/09\/confort.svg\" class=\"attachment-full size-full\" alt=\"\" \/>\t\t\t\t\t\t\t\t\t\t<\/figure>\n\t\t\t\t\t\t\t\t\t\n\t\t\t\t\t\t\t\t\t\t\t\t\t\t\t\t\t\t\t<div class=\"title\">Confort<\/div>\n\t\t\t\t\t\t\t\t\t\n\t\t\t\t\t\t\t\t\t\t\t\t\t\t\t\t\t<\/a>\n\t\t\t\t\t\t\t\t\n\t\t\t\t\t\t\t<\/div>\n\n\t\t\t\t\t\t\n\t\t\t\t\t<\/div>\n\t\t\t\t<\/div>\n\t\t\t<\/div>\n\n\t\t\t<script type=\"text\/javascript\">\n\t\t\t\tdocument.addEventListener(\"DOMContentLoaded\", function(event) {\n\n\t\t\t\t\tvar splide_menu_slider = new Splide( '.splide-menu-slider', {\n\t\t\t\t\t\ttype   : 'loop',\n\t\t\t\t\t\tperPage: 3,\n\t\t\t\t\t\tgap : '5rem',\n\t\t\t\t\t\tperMove: 1,\n\t\t\t\t\t\tautoplay: false,\n\t\t\t\t\t\tspeed: number = 300,\n\t\t\t\t\t\tinterval: number = 5000,\n\t\t\t\t\t\tarrows: true,\n\t\t\t\t\t\tpagination: false,\t\t\t\t\n\t\t\t\t\t\tbreakpoints: {\n\t\t\t\t\t\t\t480: { perPage: 2, gap : '2rem' },\n\t\t\t\t\t\t\t640: { perPage: 3, gap : '1rem' },\t\t\t\t\t\t\t\t\t\t\t\t\t\t\t\t\t\t\t\t}\n\t\t\t\t\t} );\n\n\t\t\t\t\tsplide_menu_slider.mount();\n\n\t\t\t\t});\n\t\t\t<\/script>\n\n\n\t\t<\/div>\n\n\n\t\n<\/div>\n\n\n<div id=\"block-lifestyle-1-block_341bc9c8f418194156ee45add163c9ce\" class=\"block-lifestyle-1  hero-neg-margin-with-menu\">\n\n\t<div class=\"row row-1 alignwide-xl\">\n\n\t\t<div class=\"text-content\"> \n\n\t\t\t\t\t\t\t<h2 class=\"title fade-up has-icon-decoration decoration-arsenic-color icon-eclairages has-dim-gray-color has-text-color\">Interior<\/h2>\n\t\t\t\n\t\t\t\t\t\t\t<p class=\"sub-title fade-up\">Combined with curtain and blind programming, lighting management creates the right ambience for any situation.<\/p>\n\t\t\t\n\t\t<\/div>\n\n\t\t<div class=\"image-content\">\n\n\t\t\t\n\n\n    \n    <div class=\"video-container run-videos\">\n        <figure class=\"\">\n            <video loop=\"loop\" controls playsinline=\"\" poster=\"\">\n                <source src=\"https:\/\/www.homesmarthome.fr\/wp-content\/uploads\/2023\/11\/video-eclairage-website.mp4\">\n            <\/video>\n        <\/figure>\n    <\/div>\n\n\n\t\t<\/div>\n\n\t<\/div>\n\n\t<div class=\"row row-reverse row-2 alignwide-xxl\">\n\n\t\t<div class=\"text-content\"> \n\n\t\t\t\t\t\t\t<div class=\"description fade-up\"><p>New lighting solutions such as Tunable white or Soft Dim allow you to vary color temperatures from warm white to extra cool white as you wish. Choose warm, soft shades to promote relaxation and well-being in your living room or bedroom. For work spaces or rooms requiring greater concentration, opt for cooler, more stimulating color temperatures.<br \/>\nDali2 technology will enable you to interconnect several lighting systems for flexibility and fine-tuned mood management.<\/p>\n<\/div>\n\t\t\t\n\t\t<\/div>\n \n\t\t<div class=\"image-content fade-up\">\n\n\t\t\t\t\t\t\t<figure class=\"img-cover\">\n\t\t\t\t\t<img loading=\"lazy\" decoding=\"async\" width=\"2560\" height=\"1445\" src=\"https:\/\/www.homesmarthome.fr\/wp-content\/uploads\/2023\/10\/istock-1482770106-scaled.jpg\" class=\"attachment-full size-full\" alt=\"\" srcset=\"https:\/\/www.homesmarthome.fr\/wp-content\/uploads\/2023\/10\/istock-1482770106-scaled.jpg 2560w, https:\/\/www.homesmarthome.fr\/wp-content\/uploads\/2023\/10\/istock-1482770106-300x169.jpg 300w, https:\/\/www.homesmarthome.fr\/wp-content\/uploads\/2023\/10\/istock-1482770106-1024x578.jpg 1024w, https:\/\/www.homesmarthome.fr\/wp-content\/uploads\/2023\/10\/istock-1482770106-768x434.jpg 768w, https:\/\/www.homesmarthome.fr\/wp-content\/uploads\/2023\/10\/istock-1482770106-1536x867.jpg 1536w, https:\/\/www.homesmarthome.fr\/wp-content\/uploads\/2023\/10\/istock-1482770106-2048x1156.jpg 2048w\" sizes=\"auto, (max-width: 2560px) 100vw, 2560px\" \/>\t\t\t\t<\/figure>\n\t\t\t\n\t\t<\/div>\n\n\t<\/div>\n\n\t<div class=\"row row-3 alignwide-lg\">\n\n\t\t<div class=\"text-content has-pumpkin-background-color has-background\"> \n\n\t\t\t\t\t\t\t<div class=\"description text-light fade-up\"><p>Lighting is also essential to highlight your works of art. Architectural interior illumination guarantees that your decoration and paintings will stand out. We&#8217;ll help you choose and position the right lighting.<\/p>\n<\/div>\n\t\t\t\n\t\t<\/div>\n\n\t\t<div class=\"image-content\">\n\t\t<\/div>\n\n\t<\/div>\n\n\n\t<div class=\"row row-reverse row-4 alignwide-lg\">\n\n\t\t<div class=\"text-content\"> \n\n\t\t\t\t\t\t\t<div class=\"description fade-up\"><p>Thanks to the latest-generation solutions, the scalability of lighting and shutter control is infinitely expandable. You can now control all lighting circuits, roller shutters and curtains from keypads. What&#8217;s more, the switches&#8217; inspiring, timeless design will bring a touch of elegance to any room they&#8217;re installed in!<br \/>\nRadio technology also enables us to offer you a solution combining wired keypads from the Palladium range and wireless keypads from the PICO range.<\/p>\n<\/div>\n\t\t\t\n\t\t<\/div>\n\n\t\t<div class=\"image-content\">\n\n\t\t\t\n\t\t<\/div>\n\n\t<\/div>\n\n<\/div>\n\n\n\n\n<div style=\"height:10rem\" aria-hidden=\"true\" class=\"wp-block-spacer\"><\/div>\n\n\n\n<div id=\"block-lifestyle-2-block_083491fdaac9a90e4a724a8b0aabd944\" class=\"block-lifestyle-2 \">\n\n\t<div class=\"row row-reverse row-1\">\n\n\t\t<div class=\"text-content\"> \n\n\t\t\t<div class=\"inner-content\"> \n\n\t\t\t\t\t\t\t\t\t<div class=\"description fade-up\"><p>Recognized as energy-efficient, our solutions help reduce your electricity costs. Let the light and presence sensors act on lighting zones and openings to save you money on your electricity bills.<\/p>\n<\/div>\n\t\t\t\t\n\t\t\t<\/div>\n\n\t\t\t<div class=\"inner-content has-gray-1-background-color has-background\"> \n\n\t\t\t\t\t\t\t\t\t<div class=\"description-2 fade-up\"><p>Thanks to generalized control, it&#8217;s easy to leave the house: the lights switch off automatically.<br \/>\nYou can also check that your lighting system is switched off remotely via your smartphone app.<\/p>\n<\/div>\n\t\t\t\t\n\t\t\t<\/div>\n\n\t\t<\/div>\n\n\t\t<div class=\"image-content\">\n\n\t\t\t\t\t\t\t<figure class=\"img-cover\">\n\t\t\t\t\t<img loading=\"lazy\" decoding=\"async\" width=\"2560\" height=\"1180\" src=\"https:\/\/www.homesmarthome.fr\/wp-content\/uploads\/2023\/10\/img-parallax-movement-on-scroll-scaled.jpg\" class=\"attachment-full size-full\" alt=\"\" srcset=\"https:\/\/www.homesmarthome.fr\/wp-content\/uploads\/2023\/10\/img-parallax-movement-on-scroll-scaled.jpg 2560w, https:\/\/www.homesmarthome.fr\/wp-content\/uploads\/2023\/10\/img-parallax-movement-on-scroll-300x138.jpg 300w, https:\/\/www.homesmarthome.fr\/wp-content\/uploads\/2023\/10\/img-parallax-movement-on-scroll-1024x472.jpg 1024w, https:\/\/www.homesmarthome.fr\/wp-content\/uploads\/2023\/10\/img-parallax-movement-on-scroll-768x354.jpg 768w, https:\/\/www.homesmarthome.fr\/wp-content\/uploads\/2023\/10\/img-parallax-movement-on-scroll-1536x708.jpg 1536w, https:\/\/www.homesmarthome.fr\/wp-content\/uploads\/2023\/10\/img-parallax-movement-on-scroll-2048x944.jpg 2048w\" sizes=\"auto, (max-width: 2560px) 100vw, 2560px\" \/>\t\t\t\t<\/figure>\n\t\t\t\n\t\t<\/div>\n\n\t<\/div>\n\n\t<div class=\"row row-2 alignwide-lg\">\n\n\t\t<div class=\"text-content has-pumpkin-background-color has-background\"> \n\n\t\t\t\t\t\t\t<div class=\"description text-light fade-up\"><p><strong>Lighting, an ally in security:<\/strong><br \/>\nAutomatic programming of lights and control of openings simulate your presence when you&#8217;re away, thus deterring intruders.<\/p>\n<\/div>\n\t\t\t\n\t\t<\/div>\n\n\t\t<div class=\"image-content\">\n\t\t<\/div>\n\n\t<\/div>\n\n<\/div>\n\n\n\n\n<div id=\"block-lifestyle-3-block_befd8bbb58cad994b2460a05ca9d496d\" class=\"block-lifestyle-3 \">\n\n\t<div class=\"row row-1 alignwide-xl\">\n\n\t\t<div class=\"text-content\"> \n\n\t\t\t\t\t\t\t<h2 class=\"title fade-up has-icon-decoration decoration-arsenic-color icon-eclairages has-dim-gray-color has-text-color\">Exterior<\/h2>\n\t\t\t\n\t\t\t\t\t\t\t<p class=\"sub-title fade-up\">Imagine being able to create the perfect atmosphere in your garden or pool with a simple click.<\/p>\n\t\t\t\n\t\t<\/div>\n\n\t\t<div class=\"image-content fade-left\">\n\n\t\t\t\t\t\t\t<figure class=\"img-cover\">\n\t\t\t\t\t<img loading=\"lazy\" decoding=\"async\" width=\"2560\" height=\"1707\" src=\"https:\/\/www.homesmarthome.fr\/wp-content\/uploads\/2023\/10\/istock-1394010549.jpg\" class=\"attachment-full size-full\" alt=\"\" srcset=\"https:\/\/www.homesmarthome.fr\/wp-content\/uploads\/2023\/10\/istock-1394010549.jpg 2560w, https:\/\/www.homesmarthome.fr\/wp-content\/uploads\/2023\/10\/istock-1394010549-300x200.jpg 300w, https:\/\/www.homesmarthome.fr\/wp-content\/uploads\/2023\/10\/istock-1394010549-1024x683.jpg 1024w, https:\/\/www.homesmarthome.fr\/wp-content\/uploads\/2023\/10\/istock-1394010549-768x512.jpg 768w, https:\/\/www.homesmarthome.fr\/wp-content\/uploads\/2023\/10\/istock-1394010549-1536x1024.jpg 1536w, https:\/\/www.homesmarthome.fr\/wp-content\/uploads\/2023\/10\/istock-1394010549-2048x1366.jpg 2048w\" sizes=\"auto, (max-width: 2560px) 100vw, 2560px\" \/>\t\t\t\t<\/figure>\n\t\t\t\n\t\t<\/div>\n\n\t<\/div>\n\n\t<div class=\"row row-reverse row-2 alignwide-xl\">\n\n\t\t<div class=\"text-content\"> \n\n\t\t\t<div class=\"inner-content\"> \n\n\t\t\t\t\t\t\t\t\t<div class=\"description fade-up\"><p>Whether you want to create a warm atmosphere for evenings out with friends or highlight certain architectural features of your property, outdoor lighting management offers you unrivalled flexibility.<\/p>\n<p>You can automate the switching on and off of lights according to time, presence or even ambient brightness.<\/p>\n<\/div>\n\t\t\t\t\n\t\t\t<\/div>\n\n\t\t\t<div class=\"inner-content has-pumpkin-background-color has-background\"> \n\n\t\t\t\t\t\t\t\t\t<div class=\"description text-light fade-up\"><p>Make the most of your outdoor spaces, transforming them into a true haven of peace thanks to integrated outdoor lighting management.<\/p>\n<\/div>\n\t\t\t\t\n\t\t\t<\/div>\n\n\t\t<\/div>\n\n\t\t<div class=\"image-content\">\n\n\t\t\t\t\t\t\t<figure class=\"img-cover\">\n\t\t\t\t\t<img loading=\"lazy\" decoding=\"async\" width=\"1920\" height=\"2560\" src=\"https:\/\/www.homesmarthome.fr\/wp-content\/uploads\/2023\/10\/photo-3-scaled.jpg\" class=\"attachment-full size-full\" alt=\"\" srcset=\"https:\/\/www.homesmarthome.fr\/wp-content\/uploads\/2023\/10\/photo-3-scaled.jpg 1920w, https:\/\/www.homesmarthome.fr\/wp-content\/uploads\/2023\/10\/photo-3-225x300.jpg 225w, https:\/\/www.homesmarthome.fr\/wp-content\/uploads\/2023\/10\/photo-3-768x1024.jpg 768w, https:\/\/www.homesmarthome.fr\/wp-content\/uploads\/2023\/10\/photo-3-1152x1536.jpg 1152w, https:\/\/www.homesmarthome.fr\/wp-content\/uploads\/2023\/10\/photo-3-1536x2048.jpg 1536w\" sizes=\"auto, (max-width: 1920px) 100vw, 1920px\" \/>\t\t\t\t<\/figure>\n\t\t\t\n\t\t<\/div>\n\n\t<\/div>\n\n\t\n\n\t<div class=\"row row-4 alignwide-lg\">\n\n\t\t<div class=\"text-content has-gray-1-background-color has-background\"> \n\n\t\t\t\t\t\t\t<div class=\"description fade-up\"><p>This enhances the security of your property and saves energy by avoiding unnecessary lighting.<\/p>\n<\/div>\n\t\t\t\n\t\t<\/div>\n\n\t\t<div class=\"image-content\">\n\t\t<\/div>\n\n\t<\/div>\n\n<\/div>\n\n\n\n\n<div style=\"height:100px\" aria-hidden=\"true\" class=\"wp-block-spacer\"><\/div>\n\n\n\n<div id=\"reseau\" class=\"block-network \">\n\n\t<div class=\"row alignwide-xl\">\n\n\t\t<div class=\"image-content\">\n\n\t\t\t\t\t\t\t<figure class=\"\">\n\t\t\t\t\t<img loading=\"lazy\" decoding=\"async\" width=\"1861\" height=\"2009\" src=\"https:\/\/www.homesmarthome.fr\/wp-content\/uploads\/2023\/09\/network-schema.jpg\" class=\"attachment-full size-full\" alt=\"\" srcset=\"https:\/\/www.homesmarthome.fr\/wp-content\/uploads\/2023\/09\/network-schema.jpg 1861w, https:\/\/www.homesmarthome.fr\/wp-content\/uploads\/2023\/09\/network-schema-278x300.jpg 278w, https:\/\/www.homesmarthome.fr\/wp-content\/uploads\/2023\/09\/network-schema-949x1024.jpg 949w, https:\/\/www.homesmarthome.fr\/wp-content\/uploads\/2023\/09\/network-schema-768x829.jpg 768w, https:\/\/www.homesmarthome.fr\/wp-content\/uploads\/2023\/09\/network-schema-1423x1536.jpg 1423w\" sizes=\"auto, (max-width: 1861px) 100vw, 1861px\" \/>\t\t\t\t<\/figure>\n\t\t\t\n\t\t<\/div>\n\n\t\t<div class=\"text-content has-arsenic-background-color has-background\">\n\n\t\t\t<div class=\"inner-content\"> \n\n\t\t\t\t\t\t\t\t\t<h2 class=\"title fade-up has-icon-decoration decoration-white-color icon-network has-white-color has-text-color\">Connectivity<br>\r\n<span>network &amp; WiFi<\/span><\/h2>\n\t\t\t\t\n\t\t\t\t\t\t\t\t\t<p class=\"sub-title fade-up has-white-color has-text-color\">The foundation of a successful installation.<\/p>\n\t\t\t\t\n\t\t\t\t\t\t\t\t\t<div class=\"description fade-up has-white-color has-text-color\"><p>Whether it&#8217;s lighting, doors, security, smart thermostats or any home automation system, a reliable connection is essential to ensure smooth coordination of your simultaneously connected devices.<\/p>\n<p>Our network system incorporates state-of-the-art technologies, including Wifi 6, to provide optimum coverage in every room of your villa.<\/p>\n<\/div>\n\t\t\t\t\n\t\t\t<\/div>\n\n\t\t<\/div>\n\n\t<\/div>\n\n<\/div>\n\n\n\n\n<div style=\"height:100px\" aria-hidden=\"true\" class=\"wp-block-spacer\"><\/div>\n\n\n\n<div class=\"wp-block-group has-arsenic-background-color has-background\"><div class=\"wp-block-group__inner-container is-layout-constrained wp-block-group-is-layout-constrained\">\n<div style=\"height:3rem\" aria-hidden=\"true\" class=\"wp-block-spacer\"><\/div>\n\n\n\n<h2 class=\"wp-block-heading has-text-align-center has-white-color has-text-color has-semi-medium-font-size\">Lifestyle: lighting, blackouts &amp; comfort<\/h2>\n\n\n\n<p class=\"has-text-align-center has-white-color has-text-color\">By harmonizing lighting, curtains and temperature in your interior, you can create a perfect symbiosis that translates into a harmonious atmosphere in your living space.<\/p>\n\n\n\n<div class=\"wp-block-buttons is-content-justification-center is-layout-flex wp-container-core-buttons-is-layout-16018d1d wp-block-buttons-is-layout-flex\">\n<div class=\"wp-block-button is-style-white\"><a class=\"wp-block-button__link wp-element-button\" href=\"https:\/\/www.homesmarthome.fr\/en\/shades\/\">See shutters<\/a><\/div>\n\n\n\n<div class=\"wp-block-button is-style-white\"><a class=\"wp-block-button__link wp-element-button\" href=\"https:\/\/www.homesmarthome.fr\/en\/comfort\/\">See comfort<\/a><\/div>\n<\/div>\n\n\n\n<div style=\"height:3rem\" aria-hidden=\"true\" class=\"wp-block-spacer\"><\/div>\n<\/div><\/div>\n","protected":false},"excerpt":{"rendered":"<p>Lifestyle: lighting, blackouts &amp; comfort By harmonizing lighting, curtains and temperature in your interior, you can create a perfect symbiosis that translates into a harmonious atmosphere in your living space.<\/p>\n","protected":false},"author":1,"featured_media":0,"parent":0,"menu_order":0,"comment_status":"closed","ping_status":"closed","template":"","meta":{"_acf_changed":false,"inline_featured_image":false,"footnotes":""},"class_list":["post-1827","page","type-page","status-publish","hentry"],"acf":[],"_links":{"self":[{"href":"https:\/\/www.homesmarthome.fr\/en\/wp-json\/wp\/v2\/pages\/1827","targetHints":{"allow":["GET"]}}],"collection":[{"href":"https:\/\/www.homesmarthome.fr\/en\/wp-json\/wp\/v2\/pages"}],"about":[{"href":"https:\/\/www.homesmarthome.fr\/en\/wp-json\/wp\/v2\/types\/page"}],"author":[{"embeddable":true,"href":"https:\/\/www.homesmarthome.fr\/en\/wp-json\/wp\/v2\/users\/1"}],"replies":[{"embeddable":true,"href":"https:\/\/www.homesmarthome.fr\/en\/wp-json\/wp\/v2\/comments?post=1827"}],"version-history":[{"count":5,"href":"https:\/\/www.homesmarthome.fr\/en\/wp-json\/wp\/v2\/pages\/1827\/revisions"}],"predecessor-version":[{"id":3115,"href":"https:\/\/www.homesmarthome.fr\/en\/wp-json\/wp\/v2\/pages\/1827\/revisions\/3115"}],"wp:attachment":[{"href":"https:\/\/www.homesmarthome.fr\/en\/wp-json\/wp\/v2\/media?parent=1827"}],"curies":[{"name":"wp","href":"https:\/\/api.w.org\/{rel}","templated":true}]}}